{"id":139,"date":"2019-11-23T18:50:27","date_gmt":"2019-11-23T18:50:27","guid":{"rendered":"http:\/\/home.hair-house-maxdorf.de\/?page_id=139"},"modified":"2019-11-23T19:18:03","modified_gmt":"2019-11-23T19:18:03","slug":"datenschutz","status":"publish","type":"page","link":"http:\/\/home.hair-house-maxdorf.de\/?page_id=139","title":{"rendered":"Datenschutz"},"content":{"rendered":"\n<h1 class=\"wp-block-heading\"><br>DSGVO-Informationspflicht<\/h1>\n\n\n\n<h2 class=\"wp-block-heading\"><strong>Datenschutzgrundverordnung<\/strong><\/h2>\n\n\n\n<h3 class=\"wp-block-heading\"><strong>Informationspflicht<\/strong><\/h3>\n\n\n\n<p>Der Schutz Ihrer pers\u00f6nlichen Daten ist uns ein besonderes Anliegen. Wir verarbeiten Ihre Daten daher ausschlie\u00dflich auf Grundlage der gesetzlichen Bestimmungen (DSGVO, TKG 2003). In diesen Datenschutzinformationen informieren wir Sie \u00fcber die wichtigsten Aspekte der Datenverarbeitung im Rahmen unserer Gesch\u00e4ftsbeziehung.<\/p>\n\n\n\n<h3 class=\"wp-block-heading\"><strong>Erhebung und Verarbeitung von Daten<\/strong><\/h3>\n\n\n\n<p>Wir verarbeiten jene personenbezogenen Daten, die Sie uns als Nutzer der Website und\/oder als Kunde durch Angaben, etwa im Rahmen einer Anfrage oder Registrierung oder zum Abschluss eines Vertrages, zur Verf\u00fcgung stellen. Die Datenverarbeitung erfolgt zu folgenden Zwecken:<\/p>\n\n\n\n<ul class=\"wp-block-list\"><li>Verwalten und Bearbeiten von Anfragen und Angeboten, das Abwickeln von Bestellungen und Reklamations- und Qualit\u00e4tssicherungsverfahren, sowie die allgemeine Korrespondenz.<\/li><li>Vertrags- und Rechnungswesen<\/li><li>Pflege von Kunden- und Lieferantenstamm<\/li><li>Bewerbungsdaten im Rahmen der gesetzlichen Aufbewahrungsfristen<\/li><\/ul>\n\n\n\n<h3 class=\"wp-block-heading\"><strong>Rechtsgrundlage der Datenverarbeitung&nbsp;<\/strong><\/h3>\n\n\n\n<p>Wir verarbeiten Ihre Daten f\u00fcr die Dauer des Vertragsverh\u00e4ltnisses, bzw. speichern wir Ihre Daten entsprechend der gesetzlichen Regelungen: steuerrechtliche Aufbewahrungspflicht nach \u00a7 132 Abs 1 BAO: 7 Jahre dar\u00fcberhinausgehend solange sie f\u00fcr die Abgabenbeh\u00f6rde in einem anh\u00e4ngigen Verfahren von Bedeutung sind sowie nach \u00a7 933a ABGB 30 Jahre. Um den gesetzlichen Verpflichtungen nachzukommen kann es fallweise zur Offenlegung der Daten (Finanzamt, Steuerberatung, sonstige Beh\u00f6rden) kommen. F\u00fcr Teile der Datenverarbeitung ziehen wir fallweise folgende Auftragsverarbeiter wie IT-Support, R\u00fcckdeckungsversicherung, Inkassob\u00fcro, Jurist heran.<\/p>\n\n\n\n<ul class=\"wp-block-list\"><li>Rechtsgrundlage gem Art 6 DSGVO Einwilligung (Art 6 Abs 1 lit a DSGVO)<\/li><li>Vertragsabschluss und Vertragserf\u00fcllung (Art 6 Abs 1 lit b DSGVO)<\/li><li>Erf\u00fcllung einer rechtlichen Verpflichtung (Art 6 Abs 1 lit c DSGVO)<\/li><li>Erforderliche Datenverarbeitung um lebenswichtige Interessen der betroffenen Person oder einer anderen nat\u00fcrlichen Person zu sch\u00fctzen (Art 6 Abs 1 lit d DSGVO)<\/li><li>Verarbeitung erforderlich f\u00fcr die Wahrnehmung einer Aufgabe, die im \u00f6ffentlichen Interesse liegt (Art 6 Abs 1 lit e DSGVO)<\/li><li>Verarbeitung erforderlich f\u00fcr die Wahrnehmung einer Aufgabe in Aus\u00fcbung \u00f6ffentlicher Gewalt (Art 6 Abs 1 lit e DSGVO)<\/li><li>Verarbeitung erforderlich zur Wahrung berechtigter Interessen des Verantwortlichen oder eines Dritten, bei der die Interessen oder Grundrechte und Grundfreiheiten der betroffenen Person nicht \u00fcberwiegen (Art 6 Abs 1 lit f DSGVO)<\/li><\/ul>\n\n\n\n<h3 class=\"wp-block-heading\"><strong>Nutzung und Weitergabe personenbezogener Daten<\/strong><\/h3>\n\n\n\n<p>Soweit Sie uns als Nutzer unserer Webseite und\/oder Kunde\/Lieferant personenbezogene Daten zur Verf\u00fcgung gestellt haben, verwenden wir diese ausschlie\u00dflich zur Beantwortung Ihrer Anfragen, zur Abwicklung von Vertr\u00e4gen und f\u00fcr die technische Administration. Personenbezogene Daten werden von uns an Dritte nur weitergegeben oder sonst \u00fcbermittelt, wenn dies zum Zwecke der Vertragsabwicklung oder zu Abrechnungszwecken erforderlich ist oder Sie als Nutzer der Website und\/oder Kunde\/Lieferant zuvor eingewilligt haben.<\/p>\n\n\n\n<p>Als Nutzer der Website und\/oder Kunde\/Lieferant haben Sie das Recht, eine erteilte Einwilligung jederzeit mit Wirkung f\u00fcr die Zukunft zu widerrufen. Die L\u00f6schung der gespeicherten personenbezogenen Daten erfolgt, wenn Sie als Nutzer der Website und\/oder Kunde\/Lieferant die Einwilligung zur Speicherung widerrufen, wenn ihre Daten zur Erf\u00fcllung des mit der Speicherung verfolgten Zwecks nicht mehr erforderlich sind oder wenn ihre Speicherung aus sonstigen gesetzlichen Gr\u00fcnden unzul\u00e4ssig ist, bzw. wird. Daten f\u00fcr Abrechnungszwecke und buchhalterische Zwecke unterliegen der gesetzlichen Aufbewahrungspflicht gem\u00e4\u00df Bundesabgabenordnung und werden von einem L\u00f6schungsverlangen nicht ber\u00fchrt.<\/p>\n\n\n\n<h3 class=\"wp-block-heading\"><strong>Ihre Rechte<\/strong><\/h3>\n\n\n\n<p>Ihnen stehen grunds\u00e4tzlich die Rechte auf Auskunft, Berichtigung, L\u00f6schung, Einschr\u00e4nkung, Daten\u00fcbertragbarkeit, Widerruf und Widerspruch zu. Wenn Sie glauben, dass die Verarbeitung Ihrer Daten gegen das Datenschutzrecht verst\u00f6\u00dft oder Ihre datenschutzrechtlichen Anspr\u00fcche sonst in einer Weise verletzt worden sind, k\u00f6nnen Sie sich bei der Aufsichtsbeh\u00f6rde beschweren. In Deutschland ist dies die Datenschutzbeh\u00f6rde. Sie erreichen uns unter folgenden Kontaktdaten:<\/p>\n\n\n\n<p>Salon Hair House<\/p>\n\n\n\n<p>Hauptstr. 62<\/p>\n\n\n\n<p>67133 Maxdorf<\/p>\n\n\n\n<p>+49 6237 3339<\/p>\n\n\n\n<p><a href=\"http:\/\/hair-house-maxdorf.de\">www.hair-house-maxdorf.de<\/a><br><\/p>\n","protected":false},"excerpt":{"rendered":"<p>DSGVO-Informationspflicht Datenschutzgrundverordnung Informationspflicht Der Schutz Ihrer pers\u00f6nlichen Daten ist uns ein besonderes Anliegen. Wir verarbeiten Ihre [&hellip;]<\/p>\n","protected":false},"author":1,"featured_media":0,"parent":0,"menu_order":0,"comment_status":"closed","ping_status":"closed","template":"","meta":{"footnotes":""},"class_list":["post-139","page","type-page","status-publish","hentry"],"_links":{"self":[{"href":"http:\/\/home.hair-house-maxdorf.de\/index.php?rest_route=\/wp\/v2\/pages\/139"}],"collection":[{"href":"http:\/\/home.hair-house-maxdorf.de\/index.php?rest_route=\/wp\/v2\/pages"}],"about":[{"href":"http:\/\/home.hair-house-maxdorf.de\/index.php?rest_route=\/wp\/v2\/types\/page"}],"author":[{"embeddable":true,"href":"http:\/\/home.hair-house-maxdorf.de\/index.php?rest_route=\/wp\/v2\/users\/1"}],"replies":[{"embeddable":true,"href":"http:\/\/home.hair-house-maxdorf.de\/index.php?rest_route=%2Fwp%2Fv2%2Fcomments&post=139"}],"version-history":[{"count":2,"href":"http:\/\/home.hair-house-maxdorf.de\/index.php?rest_route=\/wp\/v2\/pages\/139\/revisions"}],"predecessor-version":[{"id":154,"href":"http:\/\/home.hair-house-maxdorf.de\/index.php?rest_route=\/wp\/v2\/pages\/139\/revisions\/154"}],"wp:attachment":[{"href":"http:\/\/home.hair-house-maxdorf.de\/index.php?rest_route=%2Fwp%2Fv2%2Fmedia&parent=139"}],"curies":[{"name":"wp","href":"https:\/\/api.w.org\/{rel}","templated":true}]}}