{"id":20,"date":"2019-11-21T20:18:58","date_gmt":"2019-11-21T20:18:58","guid":{"rendered":"http:\/\/home.hair-house-maxdorf.de\/?page_id=20"},"modified":"2019-11-23T15:13:01","modified_gmt":"2019-11-23T15:13:01","slug":"klick","status":"publish","type":"page","link":"http:\/\/home.hair-house-maxdorf.de\/?page_id=20","title":{"rendered":"\u00fcber uns"},"content":{"rendered":"\n<p>Der Traum einer jeden Frau ist eine perfekte, individuelle und kreative Frisur, welche dennoch im Alltag leicht zu handhaben ist.<br>\nDurch Qualit\u00e4t und Weiterbildungen werden moderne Frisuren und Str\u00e4hnentechniken umgesetzt, ohne den Blick f\u00fcr die pers\u00f6nlichen W\u00fcnsche zu verlieren!<br>\nMit viel Leidenschaft im Beruf sind unsere Kunden, mehr als einfach nur \u201eKunden\u201c!<br>\nWenn Sie Ihre Haarl\u00e4nge und Haarfarbe nicht dem Zufall \u00fcberlassen wollen, steht Ihnen unser kompetentes und zuverl\u00e4ssiges Team mit Jahrelanger Erfahrung sehr gern zur Seite!<br>\nWir lieben unseren Beruf! Erst wenn Sie zufrieden sind, sind wir es auch!<br>\nWir hei\u00dfen Sie willkommen und laden Sie ein, Ihr ganz pers\u00f6nliches Lieblingsstyle zu finden <\/p>\n\n\n\n<p class=\"has-normal-font-size\"><\/p>\n","protected":false},"excerpt":{"rendered":"<p>Der Traum einer jeden Frau ist eine perfekte, individuelle und kreative Frisur, welche dennoch im Alltag [&hellip;]<\/p>\n","protected":false},"author":1,"featured_media":0,"parent":0,"menu_order":0,"comment_status":"closed","ping_status":"closed","template":"","meta":{"footnotes":""},"class_list":["post-20","page","type-page","status-publish","hentry"],"_links":{"self":[{"href":"http:\/\/home.hair-house-maxdorf.de\/index.php?rest_route=\/wp\/v2\/pages\/20"}],"collection":[{"href":"http:\/\/home.hair-house-maxdorf.de\/index.php?rest_route=\/wp\/v2\/pages"}],"about":[{"href":"http:\/\/home.hair-house-maxdorf.de\/index.php?rest_route=\/wp\/v2\/types\/page"}],"author":[{"embeddable":true,"href":"http:\/\/home.hair-house-maxdorf.de\/index.php?rest_route=\/wp\/v2\/users\/1"}],"replies":[{"embeddable":true,"href":"http:\/\/home.hair-house-maxdorf.de\/index.php?rest_route=%2Fwp%2Fv2%2Fcomments&post=20"}],"version-history":[{"count":5,"href":"http:\/\/home.hair-house-maxdorf.de\/index.php?rest_route=\/wp\/v2\/pages\/20\/revisions"}],"predecessor-version":[{"id":92,"href":"http:\/\/home.hair-house-maxdorf.de\/index.php?rest_route=\/wp\/v2\/pages\/20\/revisions\/92"}],"wp:attachment":[{"href":"http:\/\/home.hair-house-maxdorf.de\/index.php?rest_route=%2Fwp%2Fv2%2Fmedia&parent=20"}],"curies":[{"name":"wp","href":"https:\/\/api.w.org\/{rel}","templated":true}]}}