{"id":6,"date":"2019-11-23T18:42:45","date_gmt":"2019-11-23T18:42:45","guid":{"rendered":"http:\/\/home.hair-house-maxdorf.de\/?page_id=6"},"modified":"2021-04-05T11:28:45","modified_gmt":"2021-04-05T11:28:45","slug":"agbs","status":"publish","type":"page","link":"http:\/\/home.hair-house-maxdorf.de\/?page_id=6","title":{"rendered":"AGB\u00b4s"},"content":{"rendered":"\n<h1 class=\"wp-block-heading\">Allgemeine Gesch\u00e4ftsbedingungen<\/h1>\n\n\n\n<h1 class=\"wp-block-heading\">AGB<\/h1>\n\n\n\n<p>Allgemeine Gesch\u00e4ftsbedingungen des Salon Hair House in 67133 Maxdorf, im Folgenden Hair House genannt .<\/p>\n\n\n\n<ul class=\"wp-block-list\"><li><strong>1 Allgemeines&nbsp;<\/strong><\/li><\/ul>\n\n\n\n<p>F\u00fcr die Gesch\u00e4ftsbeziehung zwischen dem Kunden und dem Salon Hair House in Maxdorf gelten ausschlie\u00dflich die nachstehenden Allgemeinen Gesch\u00e4ftsbedingungen in der geltenden Fassung, auch wenn im Einzelfall auf diese nicht mehr ausdr\u00fccklich Bezug genommen wird. Diese AGB gelten f\u00fcr alle Dienstleistungen die im Zusammenhang mit der Berufsbezeichnung Friseur und Kosmetik entsteht, einschlie\u00dflich haar- und hautkosmetischer Produkte, Nebensortiment und friseurtechnischen Artikeln, es sei denn, dass zwingende gesetzliche Bestimmungen entstehen. Abweichende, entgegenstehende oder erg\u00e4nzende allgemeine Gesch\u00e4ftsbedingungen werden, selbst in Kenntnis, nicht Vertragsbestandteil, es sei denn, ihrer Geltung wird ausdr\u00fccklich schriftlich zugestimmt. M\u00fcndliche Nebenabreden sind rechtsunwirksam.<\/p>\n\n\n\n<ul class=\"wp-block-list\"><li><strong>2 Termine und Annahmeverzug<\/strong><\/li><\/ul>\n\n\n\n<p>Der Termin gilt auch dann als vereinbart, wenn ein Dritter diesen Termin vereinbart und Salon Hair House von der Vertretungsbefugnis dieses Dritten gutgl\u00e4ubig ausgehen durfte.<\/p>\n\n\n\n<p>Termine sind f\u00fcr Salon Hair House nur dann verbindlich, wenn der vereinbarte Ausf\u00fchrungstermin zeitlich nicht mehr als 15 Minuten \u00fcberschritten wird.<\/p>\n\n\n\n<p>Sollte aus Gr\u00fcnden welche vom Kunden zu vertreten sind (z.B. Fernbleiben des Kunden) der vereinbarte Ausf\u00fchrungstermin nicht ausgef\u00fchrt werden k\u00f6nnen, ist Salon Hair House berechtigt vom Vertrag zur\u00fcckzutreten und pauschalisierten Schadensersatzanspruch geltend zu machen. Dieser wird mit 1\u20ac pro vereinbarter Minute der reservierten Ausf\u00fchrungszeit berechnet.<\/p>\n\n\n\n<ul class=\"wp-block-list\"><li><strong>3 Haftung<\/strong><\/li><\/ul>\n\n\n\n<p>Wir von Salon Hair House \u00fcbernehmen keine Haftung f\u00fcr Ihre Garderobe, Taschen, Gep\u00e4ckst\u00fccke und Wertgegenst\u00e4nde. Bitte legen Sie Ihren Schmuck ggf. vor Behandlungsbeginn ab. Wir \u00fcbernehmen keine Haftung f\u00fcr Ihre Kleidung, wenn diese durch Eigenverschulden besch\u00e4digt wird, gleiches gilt f\u00fcr evtl. Unvertr\u00e4glichkeiten und Allergien, ob bekannt oder unbekannt.<\/p>\n\n\n\n<p>Haftungsausschluss besteht auch f\u00fcr die vom Kunden ausdr\u00fccklich gew\u00fcnschten chemischen, thermischen, haar- und hautkosmetischen Behandlungen, sowie s\u00e4mtlicher friseurtechnischer Ma\u00dfnahmen. Zur Erkl\u00e4rung: Wir \u00fcbernehmen keine Haftung f\u00fcr das Ergebnis gew\u00fcnschter chemischer, thermischer, haar- und hautkosmetischer Behandlungen, sowie s\u00e4mtlicher friseurtechnischer Ma\u00dfnahmen sondern ausschlie\u00dflich f\u00fcr deren fachlich einwandfreie Durchf\u00fchrung. Dies gilt insbesondere, wenn sich trotz fachlich korrekter Behandlung nicht das gew\u00fcnschte Ergebnis (z.B. gew\u00fcnschte Haarfarbe) einstellt.<\/p>\n\n\n\n<p>Bei von uns nicht zu vertretenen Umst\u00e4nden, z.B. h\u00f6here Gewalt, wie Stromausfall und dergleichen, die der Erf\u00fcllung eines Kundenauftrages entgegenstehen kann kein Haftungsanspruch hergeleitet werden. Auch \u00fcbernehmen wir keine Haftung f\u00fcr Terminverschiebungen bzw. Terminversp\u00e4tungen, die Salon Hair House nicht zu vertreten haben. Ein Anspruch aus Schadensersatz kann daraus nicht hergeleitet werden.<\/p>\n\n\n\n<ul class=\"wp-block-list\"><li><strong>4 Behandlung von Gew\u00e4hrleistungsanspr\u00fcchen<\/strong><\/li><\/ul>\n\n\n\n<p>Zeigt sich ein Mangel, so hat der Kunde, diesen unverz\u00fcglich anzuzeigen. Als unverz\u00fcglich gilt die Anzeige nur, wenn sie innerhalb von 5 Werktagen nach der Behandlung bzw. bei k\u00e4uflich erworbenen Waren erfolgt. Der Kunde hat in solchen F\u00e4llen ein Nachbesserungsrecht, schl\u00e4gt die Nachbesserung fehl, kann er erneut Nachbesserung verlangen. M\u00e4ngelanspr\u00fcche bestehen nicht bei nur unerheblicher Abweichung von der vereinbarten Leistung oder Beschaffenheit, bei nur unerheblicher Beeintr\u00e4chtigung der Brauchbarkeit, bei nat\u00fcrlicher Abnutzung wie bei Sch\u00e4den, die infolge fehlerhafter oder nachl\u00e4ssiger Behandlung, \u00fcberm\u00e4\u00dfiger Beanspruchung, ungeeigneter haar- und hautkosmetischer Pflegemittel durch den Kunden oder aufgrund besonderer, nicht von Salon Hair House zu vertretender Einfl\u00fcsse entstehen. Werden vom Kunden selbst oder von Dritten Nachbesserungsarbeiten oder \u00c4nderungen vorgenommen, so bestehen f\u00fcr diese und die daraus resultierenden Folgen ebenfalls keine M\u00e4ngelanspr\u00fcche.<\/p>\n\n\n\n<p>Keine Gew\u00e4hrleistungs- oder Schadenersatzanspr\u00fcche bestehen bei Ver\u00e4nderungen der Haarfarbe, sofern diese auf Verschulden des Kunden selbst z.B. durch unsachgem\u00e4\u00dfe Behandlung, zu starker Sonneneinstrahlung bzw. Solariumeinwirkung, Umf\u00e4rben, das Nichteinhalten der Pflege oder wie vom Salon Hair House respektive dem Personal vom Salon Hair House mitgeteilt, etc., zur\u00fcckzuf\u00fchren sind. Weiters besteht keine Gew\u00e4hrleistung der Schadenersatzanspr\u00fcche bei mechanischen Sch\u00e4den jeglicher Art (z.B. auch bei nur leichter Gewaltanwendung), wie insbesondere im Falle von mit dem Eigenhaar ausgefallenen, verlorenen oder ausgerissenen Str\u00e4hnen, da dies biologisch bedingt jederzeit passieren kann. Salon Hair House sowie das Personal des Salon Hair House \u00fcbernehmen keinerlei Haftung f\u00fcr Sachsch\u00e4den am Eigentum von Kunden, sofern hier nicht ein grobes Verschulden durch Salon Hair House nachgewiesen werden kann. Weiters \u00fcbernimmt Salon Hair House keine Haftung f\u00fcr eventuelle Unvertr\u00e4glichkeiten \/ Allergien. F\u00fcr Besch\u00e4digungen am Eigentum Salon Hair House, welche ein Kunde, ein Besucher oder aber auch deren Begleitpersonen (z.B. Kinder) zu verschulden hat, haften vorgenannte Personen vorbehaltlos.<\/p>\n\n\n\n<p>Ein Umtausch oder die R\u00fcckgabe von Waren kann nur im versiegelten Zustand erfolgen. Sonderaktionen und Sonderanfertigungen sind von R\u00fccknahme und Umtausch ausgeschlossen. Der Kunde\/K\u00e4ufer ist verpflichtet, uns die \u00dcberpr\u00fcfung des fehlerhaften Liefergegenstandes zu gestatten. Sofern der Kunde\/K\u00e4ufer uns die \u00dcberpr\u00fcfung verweigert, ist Salon Hair House von der Gew\u00e4hrleistung befreit.<\/p>\n\n\n\n<p>Der vollst\u00e4ndige Warenwert kann nur gutgeschrieben werden, wenn die Ware im Original-Zustand und in der unbesch\u00e4digten Original-Verpackung ist sowie bei Vorlage der Originalrechnung.<\/p>\n\n\n\n<p>Unversiegelte Waren werden aus Gr\u00fcnden der Hygiene und Verbrauchersicherheit kein zweites Mal in Umlauf gebracht und werden deswegen nicht zur\u00fcckgenommen<\/p>\n\n\n\n<ul class=\"wp-block-list\"><li><strong>5 Eigentumsvorbehalt&nbsp;<\/strong><\/li><\/ul>\n\n\n\n<p>Die Ware bleibt bis zur vollst\u00e4ndigen Zahlung und Erf\u00fcllung s\u00e4mtlicher Forderungen im Eigentum des Salon Hair House.<\/p>\n\n\n\n<ul class=\"wp-block-list\"><li><strong>6 Datenschutz, Verwendung personenbezogener Daten<\/strong><\/li><\/ul>\n\n\n\n<p>Dem Kunden ist bekannt und er willigt ein, dass seine ausschlie\u00dflich f\u00fcr Auftrags- und Bestellabwicklungen notwendigen pers\u00f6nlichen Daten auf Datentr\u00e4gern gespeichert werden. Der Kunde stimmt der Erhebung, Verarbeitung und Nutzung seiner personenbezogenen Daten im Rahmen von Salon Hair House ausdr\u00fccklich zu. Der Kunde kann diese Einwilligung jederzeit mit sofortiger Wirkung widerrufen.<\/p>\n\n\n\n<p>Salon Hair House verpflichtet sich f\u00fcr diesen Fall zur sofortigen L\u00f6schung der pers\u00f6nlichen Daten, es sei denn der Vorgang ist noch nicht vollst\u00e4ndig abgewickelt. Ist eine L\u00f6schung aus technischen Gr\u00fcnden nicht m\u00f6glich, werden die Daten gegen weitere Nutzung gesperrt.<\/p>\n\n\n\n<ul class=\"wp-block-list\"><li><strong>7 Gerichtsstand und anwendbares Recht&nbsp;<\/strong><\/li><\/ul>\n\n\n\n<p>Gerichtsstand ist Ludwigshafen. F\u00fcr die Rechtsverh\u00e4ltnisse der Vertragspartner gilt Deutsches Recht.<\/p>\n\n\n\n<ul class=\"wp-block-list\"><li><strong>8 Schweigepflicht&nbsp;<\/strong><\/li><\/ul>\n\n\n\n<p>Alle im Salon t\u00e4tigen Personen sind verpflichtet, alle im Zusammenhang stehenden Vorg\u00e4nge stillschweigend zu behandeln und ebenfalls nach Beendigung des Arbeits- oder anderweitigen Vertragsverh\u00e4ltnisses Stillschweigen zu wahren. Daten, Vertr\u00e4ge, Vorg\u00e4nge, schriftliche Dokumente und alle im Zusammenhang stehende Vorg\u00e4nge von Salon Hair House d\u00fcrfen keinen Dritten zur Verf\u00fcgung gestellt werden oder an Dritte weitergegeben bzw. weitergesagt werden.<\/p>\n\n\n\n<ul class=\"wp-block-list\"><li><strong>9 Preise \/ Zahlung \/ Gutscheine&nbsp;<\/strong><\/li><\/ul>\n\n\n\n<p>Die angegebenen Preise der aktuellen, im Salon ausliegenden, Preisliste und Produktpreisdeklarationen beinhalten die gesetzliche Mehrwertsteuer. Die Preise beziehen sich nur f\u00fcr den jeweiligen Auftrag und sind nicht verbindlich f\u00fcr folgende Auftr\u00e4ge. Die Preise basieren auf den Kosten zum Zeitpunkt der Preisabgaben, sofern nichts anderes vereinbart wurde.<\/p>\n\n\n\n<p>Im Falle von Preis\u00e4nderungen sind Salon Hair House nicht dazu verpflichtet, dem Kunden die \u00c4nderung im Voraus mitzuteilen. Es obliegt dem Kunden sich \u00fcber die g\u00fcltigen Preise im Voraus zu informieren.<\/p>\n\n\n\n<p>Rechnungsbetr\u00e4ge sind sofort nach Leistungserf\u00fcllung f\u00e4llig und sind ausschlie\u00dflich in Bar oder per EC-Cash zu leisten. Eine R\u00fcckerstattung des Preises f\u00fcr Dienstleistungen ist generell ausgeschlossen. Allf\u00e4llige durch den Kunden einzubringende Rabatte \u2013 beispielsweise durch Gutscheinaktionen \u2013 m\u00fcssen unaufgefordert l\u00e4ngstens beim Beginn der Abrechnung der \/ dem betreffenden MitarbeiterIn vorgelegt werden. Eine nachtr\u00e4gliche Aufrechnung kann grunds\u00e4tzlich nicht erfolgen.<\/p>\n\n\n\n<p>Gutscheine k\u00f6nnen bei Salon Hair House erworben werden und k\u00f6nnen ausschlie\u00dflich f\u00fcr Dienstleistungen oder Produkte vom Friseursalon eingel\u00f6st werden. Eine Auszahlung von Guthabenbetr\u00e4gen ist ausgeschlossen.<\/p>\n\n\n\n<ul class=\"wp-block-list\"><li><strong>10 Schlussklausel<\/strong><\/li><\/ul>\n\n\n\n<p>Sollten gegenw\u00e4rtige oder zuk\u00fcnftige Bestimmungen dieser Bedingungen ganz oder teilweise nicht rechtswirksam oder nicht durchf\u00fchrbar sein, oder ihre Rechtswirksamkeit oder Durchf\u00fchrbarkeit sp\u00e4ter verlieren, so wird hierdurch die G\u00fcltigkeit der \u00fcbrigen Bestimmungen dieser Bedingungen nicht ber\u00fchrt. Vielmehr gilt anstelle jeder unwirksamen Bestimmung eine dem Zweck der Vereinbarung entsprechende oder zumindest nahe kommende Ersatzbestimmung, wie sie die Parteien zur Erreichung des gleichen wirtschaftlichen Ergebnisses vereinbart h\u00e4tten, wenn sie die Unwirksamkeit der Bestimmung gekannt h\u00e4tten. Entsprechendes gilt f\u00fcr Unvollst\u00e4ndigkeiten.<\/p>\n\n\n\n<p><strong>11 \u00a7 Urheberrecht<\/strong><\/p>\n\n\n\n<p>Alle Rechte f\u00fcr das Firmenlogo sind dem Salon Hair House vorbehalten.<\/p>\n\n\n\n<p>Der Inhalt dieser Web-Site ist Eigentum des Salon Hair House.<\/p>\n","protected":false},"excerpt":{"rendered":"<p>Allgemeine Gesch\u00e4ftsbedingungen AGB Allgemeine Gesch\u00e4ftsbedingungen des Salon Hair House in 67133 Maxdorf, im Folgenden Hair House [&hellip;]<\/p>\n","protected":false},"author":1,"featured_media":0,"parent":0,"menu_order":0,"comment_status":"closed","ping_status":"closed","template":"","meta":{"footnotes":""},"class_list":["post-6","page","type-page","status-publish","hentry"],"_links":{"self":[{"href":"http:\/\/home.hair-house-maxdorf.de\/index.php?rest_route=\/wp\/v2\/pages\/6"}],"collection":[{"href":"http:\/\/home.hair-house-maxdorf.de\/index.php?rest_route=\/wp\/v2\/pages"}],"about":[{"href":"http:\/\/home.hair-house-maxdorf.de\/index.php?rest_route=\/wp\/v2\/types\/page"}],"author":[{"embeddable":true,"href":"http:\/\/home.hair-house-maxdorf.de\/index.php?rest_route=\/wp\/v2\/users\/1"}],"replies":[{"embeddable":true,"href":"http:\/\/home.hair-house-maxdorf.de\/index.php?rest_route=%2Fwp%2Fv2%2Fcomments&post=6"}],"version-history":[{"count":3,"href":"http:\/\/home.hair-house-maxdorf.de\/index.php?rest_route=\/wp\/v2\/pages\/6\/revisions"}],"predecessor-version":[{"id":134,"href":"http:\/\/home.hair-house-maxdorf.de\/index.php?rest_route=\/wp\/v2\/pages\/6\/revisions\/134"}],"wp:attachment":[{"href":"http:\/\/home.hair-house-maxdorf.de\/index.php?rest_route=%2Fwp%2Fv2%2Fmedia&parent=6"}],"curies":[{"name":"wp","href":"https:\/\/api.w.org\/{rel}","templated":true}]}}